{"id":29,"date":"2020-10-05T14:57:27","date_gmt":"2020-10-05T14:57:27","guid":{"rendered":"http:\/\/www.weerbaarheidsklas.nl\/?page_id=29"},"modified":"2020-12-30T15:11:50","modified_gmt":"2020-12-30T15:11:50","slug":"algemene-voorwaarden","status":"publish","type":"page","link":"https:\/\/www.weerbaarheidsklas.nl\/index.php\/algemene-voorwaarden\/","title":{"rendered":"Algemene Voorwaarden"},"content":{"rendered":"<p>[et_pb_section fb_built=&#8221;1&#8243; _builder_version=&#8221;4.7.7&#8243; _module_preset=&#8221;default&#8221; background_color=&#8221;#ededed&#8221; hover_enabled=&#8221;0&#8243; locked=&#8221;off&#8221; sticky_enabled=&#8221;0&#8243;][et_pb_row _builder_version=&#8221;4.7.3&#8243; _module_preset=&#8221;default&#8221; locked=&#8221;off&#8221;][et_pb_column type=&#8221;4_4&#8243; _builder_version=&#8221;4.7.3&#8243; _module_preset=&#8221;default&#8221;][et_pb_text _builder_version=&#8221;4.7.7&#8243; _module_preset=&#8221;8a6ed102-a5b5-4e01-b87a-63ecea652795&#8243; hover_enabled=&#8221;0&#8243; sticky_enabled=&#8221;0&#8243;]<\/p>\n<h1 style=\"text-align: left;\">Algemene voorwaarden<\/h1>\n<p>[\/et_pb_text][et_pb_text _builder_version=&#8221;4.7.7&#8243; _module_preset=&#8221;89ada01a-4f6f-43d9-b82a-569aaf7edc04&#8243; hover_enabled=&#8221;0&#8243; sticky_enabled=&#8221;0&#8243;]<\/p>\n<p>Hieronder vind u de algemene voorwaarden de <strong>Weerbaarheidsklas<\/strong>.\u00a0Lees de voorwaarden aandachtig door.\u00a0Door deel te nemen aan onze activiteiten, gaat u akkoord met de algemene voorwaarden.<\/p>\n<p>&nbsp;<\/p>\n<h4>Algemeen<\/h4>\n<ul>\n<li><span><\/span><span>Deze algemene voorwaarden zijn van toepassing op iedere (potenti\u00eble) deelnemer van een informatiebijeenkomst, workshop, training, kinderfeestje of andere activiteit gegeven of verzorgd door \u2018De Weerbaarheidsklas\u2019.<\/span><\/li>\n<li><span><\/span><span>In de navolgende tekst dient \u2018De Weerbaarheidsklas\u2019 telkens gelezen te worden als \u2018De Weerbaarheidsklas\u2019 en de ter uitvoering van de overeenkomst door \u2018De Weerbaarheidsklas\u2019 ingeschakelde derden\/ co-trainers.<\/span><\/li>\n<li><span><\/span><span>Wanneer de activiteit plaats vindt met kinderen onder de 18 jaar, zijn de ouders of wettelijke verzorgers van deze kinderen verantwoordelijk voor uitvoering van deze algemene voorwaarden.<\/span><\/li>\n<li><span><\/span><span>De persoonlijke gegevens zijn strikt vertrouwelijk en worden alleen voor administratieve doeleinden door \u2018De Weerbaarheidsklas\u2019 gebruikt.<\/span><\/li>\n<li><span><\/span><span>De verwerking van de persoonlijke gegevens staan beschreven in de Privacyverklaring op de website van \u2018De Weerbaarheidsklas\u2019.<\/span><\/li>\n<li><span><\/span><span>Met \u2018De Weerbaarheidsklas\u2019 gesloten overeenkomsten leiden voor \u2018De Weerbaarheidsklas\u2019 tot een inspanningsverplichting, niet tot een resultaatsverplichting. \u2018De Weerbaarheidsklas\u2019 zal de overeenkomst naar beste inzicht en vermogen en overeenkomstig de eisen van goed vakmanschap uitvoeren. Dien verstande zoals dit naar de maatstaven van het moment van nakomen van \u2018De Weerbaarheidsklas\u2019 verlangd kan worden.<\/span><\/li>\n<li><span><\/span><span>Voor zover \u2018De Weerbaarheidsklas\u2019 voor een juiste nakoming van haar verplichtingen afhankelijk is van informatie van, of medewerking door, de opdrachtgever, respectievelijk een deelnemer, is \u2018De Weerbaarheidsklas\u2019 uit haar verplichtingen ontslagen bij niet-tijdig verstrekken van die informatie of van onjuiste informatie.<\/span><\/li>\n<li><span><\/span><span>De locatie van de training is afhankelijk van de grote van de groep en de soort van de training\/bijeenkomst. De locatie van de training wordt u persoonlijk bekend gemaakt.<span class=\"Apple-converted-space\">\u00a0<\/span><\/span><\/li>\n<\/ul>\n<p><span><\/span><span><span>De trainingen vinden alleen doorgang bij voldoende aanmelding. Bij meer aanmeldingen dan er geplaatst kunnen worden, volgt plaatsing in de volgorde van aanmelding.<\/span><\/span><\/p>\n<p>&nbsp;<\/p>\n<h4>Aansprakelijkheid<\/h4>\n<p>De Weerbaarheidsklas\u2019 is niet aansprakelijk voor enige materi\u00eble of immateri\u00eble schade dan wel letsel van \u00e9\u00e9n van haar deelnemers. \u2018De Weerbaarheidsklas\u2019 is nimmer aansprakelijk voor indirecte of gevolgschade op welke wijze dan ook ontstaan.<\/p>\n<ul>\n<li><span><\/span><span>Voor schade die een direct gevolg is van een aan \u2018De Weerbaarheidsklas\u2019 toe te rekenen tekortkoming is \u2018De Weerbaarheidsklas\u2019 alleen aansprakelijk als die tekortkoming het gevolg is van opzet of grove schuld aan de zijde van \u2018De Weerbaarheidsklas\u2019. Als \u2018De Weerbaarheidsklas\u2019 desondanks gehouden is schade te vergoeden, is deze vergoeding beperkt tot de overeengekomen prijs, gemoeid met de overeenkomst (en bij een duurovereenkomst, voor de duur van \u00e9\u00e9n jaar).<\/span><\/li>\n<li><span><\/span><span>De aansprakelijkheid van \u2018De Weerbaarheidsklas\u2019 is in ieder geval steeds beperkt tot het bedrag der uitkering van zijn verzekeraar in voorkomend geval.<\/span><\/li>\n<li><span><\/span><span>Deelname aan een activiteit is geheel vrijwillig en voor volledige eigen verantwoording van de deelnemer. Deelnemers dienen zelf te beoordelen of zij fysiek en mentaal in staat zijn verantwoord deel te nemen aan activiteiten die\u00a0\u2018De Weerbaarheidsklas\u2019\u00a0aanbiedt.<\/span><\/li>\n<li><span><\/span><span>De deelnemer is verantwoordelijk voor de schade die hij\/zij aanricht aan bezittingen van de (andere) deelnemer of de gebouwen en\/of faciliteiten waar de training of andere activiteit van \u2018De Weerbaarheidsklas\u2019 gehouden wordt en de deelnemer zal \u2018De Weerbaarheidsklas\u2019 van deze schade vrijwaren.<\/span><\/li>\n<\/ul>\n<p>&nbsp;<\/p>\n<h4>Inschrijfvoorwaarden en annuleren<\/h4>\n<ul>\n<li><span><\/span><span>Uw inschrijving is definitief na ontvangst van het inschrijfformulier of (bij workshops) de adresgegevens of het te betalen bedrag.<\/span><\/li>\n<li><span><\/span><span>Na aanmelding per mail of via website, behoudt u uw toegezegde plaats voor de training tot 1 week nadat de factuur is verstuurd.<\/span><\/li>\n<li><span><\/span><span>De inschrijving kunt u tot 4 weken voor aanvang van de training annuleren, het (indien reeds betaald) volledig inschrijfbedrag wordt dan zo spoedig mogelijk terugbetaald.<\/span><span> Annulering dient schriftelijk te geschieden.<\/span><\/li>\n<li><span><\/span><span>Wanneer u tussen 4 en 2 weken voor aanvang van de training en de aanvangsdatum annuleert, bent u de helft van het inschrijfbedrag verschuldigd. De andere helft van het inschrijfbedrag (indien reeds betaald) wordt u dan zo spoedig mogelijk terugbetaald. U mag ook voor een plaatsvervanger zorgen.<\/span><\/li>\n<li><span><\/span><span>Wanneer u tussen 2 weken voor aanvang van de training en de aanvangsdatum annuleert, kan geen restitutie van het inschrijfgeld meer plaats vinden. U mag wel voor een plaatsvervanger zorgen. Naam graag wel even doorgeven.<\/span><span> De algemene voorwaarden zullen dan tevens van toepassing zijn op de relatie tussen \u2018De Weerbaarheidsklas\u2019 en de vervanger.<\/span><\/li>\n<li><span><\/span><span>Restitutie van het inschrijfbedrag na aanvang van de training is niet mogelijk.<\/span><\/li>\n<li><span><\/span><span>Mocht u door langdurige ziekte of andere ernstige omstandigheden meer dan 2 bijeenkomsten moeten missen is het na overleg mogelijk dat in te halen.<\/span><\/li>\n<li><span><\/span><span>Bij onvoldoende deelneming (minder dan 5 deelnemers bij groepen) kan de training geannuleerd worden door de trainer. Het volledige bedrag wordt dan zo snel mogelijk terug betaald.<\/span><\/li>\n<li><span><\/span><span>Indien de training door onvoorziene omstandigheden geen doorgang kan vinden, wordt het volledige bedrag aan de opdrachtgever terugbetaald.<span class=\"Apple-converted-space\">\u00a0<\/span><\/span><\/li>\n<li><span><\/span><span>Alle door \u2018De Weerbaarheidsklas\u2019 opgegeven prijzen zijn inclusief BTW en andere heffingen van overheidswege, tenzij anders vermeld.<\/span><span><span class=\"Apple-converted-space\">\u00a0<\/span><\/span><\/li>\n<li><span><\/span><span>\u2018De Weerbaarheidsklas\u2019 is bevoegd de overeenkomst op te zeggen indien zich omstandigheden voordoen welke van dien aard zijn dat nakoming van de overeenkomst onmogelijk is of niet van \u2018De Weerbaarheidsklas\u2019 kan worden gevergd.<\/span><\/li>\n<li><span><\/span><span> \u2018De Weerbaarheidsklas\u2019 behoudt zich het recht voor om deelnemers van verdere deelname aan de trainingen uit te sluiten. Hiervan is sprake wanneer deelnemers door hun gedrag of anderszins het normale verloop van een training belemmeren of bemoeilijken. Uitsluiting laat de verplichting tot betaling van de dienst onverlet.<\/span><\/li>\n<\/ul>\n<p>&nbsp;<\/p>\n<h4>Klachten en geschillen<\/h4>\n<ul>\n<li>Bij <span>\u2018<\/span>De Weerbaarheidsklas\u2019 ingediende klachten worden binnen een termijn van 14 dagen na ontvangst beantwoord, tenzij een klacht een voorzienbaar langere verwerkingstijd vraagt. In dat geval wordt door \u2018De Weerbaarheidsklas\u2019 binnen de termijn van 14 dagen ontvangst bevestigd met een indicatie wanneer de klacht wordt beantwoord.<\/li>\n<li>Op alle overeenkomsten met \u2018De Weerbaarheidsklas\u2019 is uitsluitend het Nederlands recht van toepassing. De Nederlandse rechter is uitsluitend bevoegd te oordelen over geschillen.<\/li>\n<li>T.a.v. alle geschillen is de rechtbank te Leeuwarden bevoegd, tenzij de wet verplicht een andere rechterlijke instantie aanwijst.<\/li>\n<\/ul>\n<p><strong>Tijdens de training:<\/strong><\/p>\n<ul>\n<li><span><\/span><span>Alles wat tijdens de training of workshop gedaan en gezegd wordt is strikt vertrouwelijk en blijft binnen de groep. U mag aan anderen wel algemene zaken en informatie over de training vertellen, maar geen persoonlijke informatie van andere deelnemers vertellen of op enig andere manier verspreiden.<\/span><\/li>\n<li><span><\/span><span>Soms is er een co-trainer aanwezig bij een training. Dit wordt vooraf aan u medegedeeld. Ook deze trainer is verplicht zich aan de Algemene voorwaarden en privacyverklaring te houden en zal vertrouwelijk met uw gegevens omgaan.<span class=\"Apple-converted-space\">\u00a0<\/span><\/span><\/li>\n<\/ul>\n<p>&nbsp;<\/p>\n<p><b>Bij opgave aan een activiteit georganiseerd of verzorgd door \u2018De Weerbaarheidsklas\u2019 verklaart u deze algemene voorwaarden en de <a href=\"https:\/\/weerbaarheidsklas.nl\/privacyverklaring\">privacyverklaring<\/a> te hebben gelezen en te accepteren.<\/b><\/p>\n<p><i>Deze voorwaarden zijn niet gedeponeerd bij de Kamer van Koophandel.<\/i><\/p>\n<p>[\/et_pb_text][\/et_pb_column][\/et_pb_row][\/et_pb_section]<\/p>\n","protected":false},"excerpt":{"rendered":"<p>Algemene voorwaarden Hieronder vind u de algemene voorwaarden de Weerbaarheidsklas.\u00a0Lees de voorwaarden aandachtig door.\u00a0Door deel te nemen aan onze activiteiten, gaat u akkoord met de algemene voorwaarden. &nbsp; Algemeen Deze algemene voorwaarden zijn van toepassing op iedere (potenti\u00eble) deelnemer van een informatiebijeenkomst, workshop, training, kinderfeestje of andere activiteit gegeven of verzorgd door \u2018De Weerbaarheidsklas\u2019. In [&hellip;]<\/p>\n","protected":false},"author":1,"featured_media":0,"parent":0,"menu_order":0,"comment_status":"closed","ping_status":"closed","template":"","meta":{"_et_pb_use_builder":"on","_et_pb_old_content":"","_et_gb_content_width":"","footnotes":""},"class_list":["post-29","page","type-page","status-publish","hentry"],"yoast_head":"<!-- This site is optimized with the Yoast SEO plugin v27.5 - https:\/\/yoast.com\/product\/yoast-seo-wordpress\/ -->\n<title>Algemene Voorwaarden - Weerbaarheidsklas<\/title>\n<meta name=\"robots\" content=\"index, follow, max-snippet:-1, max-image-preview:large, max-video-preview:-1\" \/>\n<link rel=\"canonical\" href=\"https:\/\/www.weerbaarheidsklas.nl\/index.php\/algemene-voorwaarden\/\" \/>\n<meta property=\"og:locale\" content=\"nl_NL\" \/>\n<meta property=\"og:type\" content=\"article\" \/>\n<meta property=\"og:title\" content=\"Algemene Voorwaarden - Weerbaarheidsklas\" \/>\n<meta property=\"og:description\" content=\"Algemene voorwaarden Hieronder vind u de algemene voorwaarden de Weerbaarheidsklas.\u00a0Lees de voorwaarden aandachtig door.\u00a0Door deel te nemen aan onze activiteiten, gaat u akkoord met de algemene voorwaarden. &nbsp; Algemeen Deze algemene voorwaarden zijn van toepassing op iedere (potenti\u00eble) deelnemer van een informatiebijeenkomst, workshop, training, kinderfeestje of andere activiteit gegeven of verzorgd door \u2018De Weerbaarheidsklas\u2019. In [&hellip;]\" \/>\n<meta property=\"og:url\" content=\"https:\/\/www.weerbaarheidsklas.nl\/index.php\/algemene-voorwaarden\/\" \/>\n<meta property=\"og:site_name\" content=\"Weerbaarheidsklas\" \/>\n<meta property=\"article:modified_time\" content=\"2020-12-30T15:11:50+00:00\" \/>\n<meta name=\"twitter:card\" content=\"summary_large_image\" \/>\n<meta name=\"twitter:label1\" content=\"Geschatte leestijd\" \/>\n\t<meta name=\"twitter:data1\" content=\"6 minuten\" \/>\n<script type=\"application\/ld+json\" class=\"yoast-schema-graph\">{\"@context\":\"https:\\\/\\\/schema.org\",\"@graph\":[{\"@type\":\"WebPage\",\"@id\":\"https:\\\/\\\/www.weerbaarheidsklas.nl\\\/index.php\\\/algemene-voorwaarden\\\/\",\"url\":\"https:\\\/\\\/www.weerbaarheidsklas.nl\\\/index.php\\\/algemene-voorwaarden\\\/\",\"name\":\"Algemene Voorwaarden - Weerbaarheidsklas\",\"isPartOf\":{\"@id\":\"https:\\\/\\\/www.weerbaarheidsklas.nl\\\/#website\"},\"datePublished\":\"2020-10-05T14:57:27+00:00\",\"dateModified\":\"2020-12-30T15:11:50+00:00\",\"breadcrumb\":{\"@id\":\"https:\\\/\\\/www.weerbaarheidsklas.nl\\\/index.php\\\/algemene-voorwaarden\\\/#breadcrumb\"},\"inLanguage\":\"nl-NL\",\"potentialAction\":[{\"@type\":\"ReadAction\",\"target\":[\"https:\\\/\\\/www.weerbaarheidsklas.nl\\\/index.php\\\/algemene-voorwaarden\\\/\"]}]},{\"@type\":\"BreadcrumbList\",\"@id\":\"https:\\\/\\\/www.weerbaarheidsklas.nl\\\/index.php\\\/algemene-voorwaarden\\\/#breadcrumb\",\"itemListElement\":[{\"@type\":\"ListItem\",\"position\":1,\"name\":\"Home\",\"item\":\"https:\\\/\\\/www.weerbaarheidsklas.nl\\\/\"},{\"@type\":\"ListItem\",\"position\":2,\"name\":\"Algemene Voorwaarden\"}]},{\"@type\":\"WebSite\",\"@id\":\"https:\\\/\\\/www.weerbaarheidsklas.nl\\\/#website\",\"url\":\"https:\\\/\\\/www.weerbaarheidsklas.nl\\\/\",\"name\":\"Weerbaarheidsklas\",\"description\":\"spelend sterker\",\"publisher\":{\"@id\":\"https:\\\/\\\/www.weerbaarheidsklas.nl\\\/#organization\"},\"potentialAction\":[{\"@type\":\"SearchAction\",\"target\":{\"@type\":\"EntryPoint\",\"urlTemplate\":\"https:\\\/\\\/www.weerbaarheidsklas.nl\\\/?s={search_term_string}\"},\"query-input\":{\"@type\":\"PropertyValueSpecification\",\"valueRequired\":true,\"valueName\":\"search_term_string\"}}],\"inLanguage\":\"nl-NL\"},{\"@type\":\"Organization\",\"@id\":\"https:\\\/\\\/www.weerbaarheidsklas.nl\\\/#organization\",\"name\":\"Weerbaarheidsklas\",\"url\":\"https:\\\/\\\/www.weerbaarheidsklas.nl\\\/\",\"logo\":{\"@type\":\"ImageObject\",\"inLanguage\":\"nl-NL\",\"@id\":\"https:\\\/\\\/www.weerbaarheidsklas.nl\\\/#\\\/schema\\\/logo\\\/image\\\/\",\"url\":\"https:\\\/\\\/www.weerbaarheidsklas.nl\\\/wp-content\\\/uploads\\\/2020\\\/12\\\/weerbaarheidsklas-logo.png\",\"contentUrl\":\"https:\\\/\\\/www.weerbaarheidsklas.nl\\\/wp-content\\\/uploads\\\/2020\\\/12\\\/weerbaarheidsklas-logo.png\",\"width\":400,\"height\":286,\"caption\":\"Weerbaarheidsklas\"},\"image\":{\"@id\":\"https:\\\/\\\/www.weerbaarheidsklas.nl\\\/#\\\/schema\\\/logo\\\/image\\\/\"}}]}<\/script>\n<!-- \/ Yoast SEO plugin. -->","yoast_head_json":{"title":"Algemene Voorwaarden - Weerbaarheidsklas","robots":{"index":"index","follow":"follow","max-snippet":"max-snippet:-1","max-image-preview":"max-image-preview:large","max-video-preview":"max-video-preview:-1"},"canonical":"https:\/\/www.weerbaarheidsklas.nl\/index.php\/algemene-voorwaarden\/","og_locale":"nl_NL","og_type":"article","og_title":"Algemene Voorwaarden - Weerbaarheidsklas","og_description":"Algemene voorwaarden Hieronder vind u de algemene voorwaarden de Weerbaarheidsklas.\u00a0Lees de voorwaarden aandachtig door.\u00a0Door deel te nemen aan onze activiteiten, gaat u akkoord met de algemene voorwaarden. &nbsp; Algemeen Deze algemene voorwaarden zijn van toepassing op iedere (potenti\u00eble) deelnemer van een informatiebijeenkomst, workshop, training, kinderfeestje of andere activiteit gegeven of verzorgd door \u2018De Weerbaarheidsklas\u2019. In [&hellip;]","og_url":"https:\/\/www.weerbaarheidsklas.nl\/index.php\/algemene-voorwaarden\/","og_site_name":"Weerbaarheidsklas","article_modified_time":"2020-12-30T15:11:50+00:00","twitter_card":"summary_large_image","twitter_misc":{"Geschatte leestijd":"6 minuten"},"schema":{"@context":"https:\/\/schema.org","@graph":[{"@type":"WebPage","@id":"https:\/\/www.weerbaarheidsklas.nl\/index.php\/algemene-voorwaarden\/","url":"https:\/\/www.weerbaarheidsklas.nl\/index.php\/algemene-voorwaarden\/","name":"Algemene Voorwaarden - Weerbaarheidsklas","isPartOf":{"@id":"https:\/\/www.weerbaarheidsklas.nl\/#website"},"datePublished":"2020-10-05T14:57:27+00:00","dateModified":"2020-12-30T15:11:50+00:00","breadcrumb":{"@id":"https:\/\/www.weerbaarheidsklas.nl\/index.php\/algemene-voorwaarden\/#breadcrumb"},"inLanguage":"nl-NL","potentialAction":[{"@type":"ReadAction","target":["https:\/\/www.weerbaarheidsklas.nl\/index.php\/algemene-voorwaarden\/"]}]},{"@type":"BreadcrumbList","@id":"https:\/\/www.weerbaarheidsklas.nl\/index.php\/algemene-voorwaarden\/#breadcrumb","itemListElement":[{"@type":"ListItem","position":1,"name":"Home","item":"https:\/\/www.weerbaarheidsklas.nl\/"},{"@type":"ListItem","position":2,"name":"Algemene Voorwaarden"}]},{"@type":"WebSite","@id":"https:\/\/www.weerbaarheidsklas.nl\/#website","url":"https:\/\/www.weerbaarheidsklas.nl\/","name":"Weerbaarheidsklas","description":"spelend sterker","publisher":{"@id":"https:\/\/www.weerbaarheidsklas.nl\/#organization"},"potentialAction":[{"@type":"SearchAction","target":{"@type":"EntryPoint","urlTemplate":"https:\/\/www.weerbaarheidsklas.nl\/?s={search_term_string}"},"query-input":{"@type":"PropertyValueSpecification","valueRequired":true,"valueName":"search_term_string"}}],"inLanguage":"nl-NL"},{"@type":"Organization","@id":"https:\/\/www.weerbaarheidsklas.nl\/#organization","name":"Weerbaarheidsklas","url":"https:\/\/www.weerbaarheidsklas.nl\/","logo":{"@type":"ImageObject","inLanguage":"nl-NL","@id":"https:\/\/www.weerbaarheidsklas.nl\/#\/schema\/logo\/image\/","url":"https:\/\/www.weerbaarheidsklas.nl\/wp-content\/uploads\/2020\/12\/weerbaarheidsklas-logo.png","contentUrl":"https:\/\/www.weerbaarheidsklas.nl\/wp-content\/uploads\/2020\/12\/weerbaarheidsklas-logo.png","width":400,"height":286,"caption":"Weerbaarheidsklas"},"image":{"@id":"https:\/\/www.weerbaarheidsklas.nl\/#\/schema\/logo\/image\/"}}]}},"_links":{"self":[{"href":"https:\/\/www.weerbaarheidsklas.nl\/index.php\/wp-json\/wp\/v2\/pages\/29","targetHints":{"allow":["GET"]}}],"collection":[{"href":"https:\/\/www.weerbaarheidsklas.nl\/index.php\/wp-json\/wp\/v2\/pages"}],"about":[{"href":"https:\/\/www.weerbaarheidsklas.nl\/index.php\/wp-json\/wp\/v2\/types\/page"}],"author":[{"embeddable":true,"href":"https:\/\/www.weerbaarheidsklas.nl\/index.php\/wp-json\/wp\/v2\/users\/1"}],"replies":[{"embeddable":true,"href":"https:\/\/www.weerbaarheidsklas.nl\/index.php\/wp-json\/wp\/v2\/comments?post=29"}],"version-history":[{"count":16,"href":"https:\/\/www.weerbaarheidsklas.nl\/index.php\/wp-json\/wp\/v2\/pages\/29\/revisions"}],"predecessor-version":[{"id":1599,"href":"https:\/\/www.weerbaarheidsklas.nl\/index.php\/wp-json\/wp\/v2\/pages\/29\/revisions\/1599"}],"wp:attachment":[{"href":"https:\/\/www.weerbaarheidsklas.nl\/index.php\/wp-json\/wp\/v2\/media?parent=29"}],"curies":[{"name":"wp","href":"https:\/\/api.w.org\/{rel}","templated":true}]}}